{"id":1081,"date":"2025-01-20T15:03:48","date_gmt":"2025-01-20T18:03:48","guid":{"rendered":"https:\/\/agrinar.com.ar\/home-2\/"},"modified":"2025-05-23T16:49:56","modified_gmt":"2025-05-23T19:49:56","slug":"home-2","status":"publish","type":"page","link":"https:\/\/agrinar.com.ar\/","title":{"rendered":"Home"},"content":{"rendered":"\t\t<div data-elementor-type=\"wp-post\" data-elementor-id=\"1081\" class=\"elementor elementor-1081\">\n\t\t\t\t<div class=\"elementor-element elementor-element-78d84b0 e-con-full e-flex e-con e-parent\" data-id=\"78d84b0\" data-element_type=\"container\">\n\t\t\t\t<div class=\"elementor-element elementor-element-b0ddef3 elementor-widget elementor-widget-video\" data-id=\"b0ddef3\" data-element_type=\"widget\" data-settings=\"{&quot;video_type&quot;:&quot;hosted&quot;,&quot;start&quot;:1,&quot;autoplay&quot;:&quot;yes&quot;,&quot;loop&quot;:&quot;yes&quot;,&quot;end&quot;:31,&quot;mute&quot;:&quot;yes&quot;}\" data-widget_type=\"video.default\">\n\t\t\t\t<div class=\"elementor-widget-container\">\n\t\t\t\t\t\t\t<div class=\"e-hosted-video elementor-wrapper elementor-open-inline\">\n\t\t\t\t\t<video class=\"elementor-video\" src=\"https:\/\/agrinar.com.ar\/wp-content\/uploads\/2025\/05\/Agrinar-video-con-promo.mp4#t=1,31\" autoplay=\"\" loop=\"\" muted=\"muted\" controlsList=\"nodownload\"><\/video>\n\t\t\t\t<\/div>\n\t\t\t\t\t\t<\/div>\n\t\t\t\t<\/div>\n\t\t\t\t<\/div>\n\t\t<div class=\"elementor-element elementor-element-6bd8570 e-flex e-con-boxed e-con e-parent\" data-id=\"6bd8570\" data-element_type=\"container\">\n\t\t\t\t\t<div class=\"e-con-inner\">\n\t\t\t\t<div class=\"elementor-element elementor-element-9261f6b elementor-absolute elementor-widget elementor-widget-image\" data-id=\"9261f6b\" data-element_type=\"widget\" data-settings=\"{&quot;_position&quot;:&quot;absolute&quot;}\" data-widget_type=\"image.default\">\n\t\t\t\t<div class=\"elementor-widget-container\">\n\t\t\t\t\t\t\t\t\t\t\t\t\t\t\t<img fetchpriority=\"high\" decoding=\"async\" width=\"1920\" height=\"1080\" src=\"https:\/\/agrinar.com.ar\/wp-content\/uploads\/2025\/05\/6-1.jpg\" class=\"attachment-full size-full wp-image-2041\" alt=\"\" srcset=\"https:\/\/agrinar.com.ar\/wp-content\/uploads\/2025\/05\/6-1.jpg 1920w, https:\/\/agrinar.com.ar\/wp-content\/uploads\/2025\/05\/6-1-300x169.jpg 300w, https:\/\/agrinar.com.ar\/wp-content\/uploads\/2025\/05\/6-1-1024x576.jpg 1024w, https:\/\/agrinar.com.ar\/wp-content\/uploads\/2025\/05\/6-1-768x432.jpg 768w, https:\/\/agrinar.com.ar\/wp-content\/uploads\/2025\/05\/6-1-1536x864.jpg 1536w\" sizes=\"(max-width: 1920px) 100vw, 1920px\" \/>\t\t\t\t\t\t\t\t\t\t\t\t\t\t\t<\/div>\n\t\t\t\t<\/div>\n\t\t\t\t\t<\/div>\n\t\t\t\t<\/div>\n\t\t<div class=\"elementor-element elementor-element-da1e272 e-con-full e-flex e-con e-parent\" data-id=\"da1e272\" data-element_type=\"container\">\n\t\t<div class=\"elementor-element elementor-element-aa83b91 e-con-full e-flex e-con e-child\" data-id=\"aa83b91\" data-element_type=\"container\">\n\t\t\t\t<div class=\"elementor-element elementor-element-03bf9bd elementor-widget elementor-widget-image\" data-id=\"03bf9bd\" data-element_type=\"widget\" data-widget_type=\"image.default\">\n\t\t\t\t<div class=\"elementor-widget-container\">\n\t\t\t\t\t\t\t\t\t\t\t\t\t\t\t<img decoding=\"async\" width=\"1925\" height=\"1080\" src=\"https:\/\/agrinar.com.ar\/wp-content\/uploads\/2025\/02\/1-1.jpg\" class=\"attachment-full size-full wp-image-1926\" alt=\"\" srcset=\"https:\/\/agrinar.com.ar\/wp-content\/uploads\/2025\/02\/1-1.jpg 1925w, https:\/\/agrinar.com.ar\/wp-content\/uploads\/2025\/02\/1-1-300x168.jpg 300w, https:\/\/agrinar.com.ar\/wp-content\/uploads\/2025\/02\/1-1-1024x575.jpg 1024w, https:\/\/agrinar.com.ar\/wp-content\/uploads\/2025\/02\/1-1-768x431.jpg 768w, https:\/\/agrinar.com.ar\/wp-content\/uploads\/2025\/02\/1-1-1536x862.jpg 1536w\" sizes=\"(max-width: 1925px) 100vw, 1925px\" \/>\t\t\t\t\t\t\t\t\t\t\t\t\t\t\t<\/div>\n\t\t\t\t<\/div>\n\t\t\t\t<\/div>\n\t\t\t\t<\/div>\n\t\t<div class=\"elementor-element elementor-element-a8d50e9 e-flex e-con-boxed e-con e-parent\" data-id=\"a8d50e9\" data-element_type=\"container\">\n\t\t\t\t\t<div class=\"e-con-inner\">\n\t\t\t\t<div class=\"elementor-element elementor-element-98af00f elementor-widget elementor-widget-menu-anchor\" data-id=\"98af00f\" data-element_type=\"widget\" data-widget_type=\"menu-anchor.default\">\n\t\t\t\t<div class=\"elementor-widget-container\">\n\t\t\t\t\t\t\t<div class=\"elementor-menu-anchor\" id=\"catalogo-1\"><\/div>\n\t\t\t\t\t\t<\/div>\n\t\t\t\t<\/div>\n\t\t\t\t\t<\/div>\n\t\t\t\t<\/div>\n\t\t<div class=\"elementor-element elementor-element-21eeeae e-con-full e-flex e-con e-parent\" data-id=\"21eeeae\" data-element_type=\"container\">\n\t\t<div class=\"elementor-element elementor-element-68e410d e-con-full e-flex e-con e-child\" data-id=\"68e410d\" data-element_type=\"container\">\n\t\t\t\t<div class=\"elementor-element elementor-element-038d020 elementor-widget elementor-widget-image\" data-id=\"038d020\" data-element_type=\"widget\" data-widget_type=\"image.default\">\n\t\t\t\t<div class=\"elementor-widget-container\">\n\t\t\t\t\t\t\t\t\t\t\t\t\t\t\t\t<a href=\"https:\/\/drive.google.com\/file\/d\/1J-zLWc1NUqAg3qWvDfoBr__iUG2ni_ME\/view?usp=sharing\">\n\t\t\t\t\t\t\t<img decoding=\"async\" width=\"1925\" height=\"1080\" src=\"https:\/\/agrinar.com.ar\/wp-content\/uploads\/2025\/02\/4-1.jpg\" class=\"attachment-full size-full wp-image-2004\" alt=\"\" srcset=\"https:\/\/agrinar.com.ar\/wp-content\/uploads\/2025\/02\/4-1.jpg 1925w, https:\/\/agrinar.com.ar\/wp-content\/uploads\/2025\/02\/4-1-300x168.jpg 300w, https:\/\/agrinar.com.ar\/wp-content\/uploads\/2025\/02\/4-1-1024x575.jpg 1024w, https:\/\/agrinar.com.ar\/wp-content\/uploads\/2025\/02\/4-1-768x431.jpg 768w, https:\/\/agrinar.com.ar\/wp-content\/uploads\/2025\/02\/4-1-1536x862.jpg 1536w\" sizes=\"(max-width: 1925px) 100vw, 1925px\" \/>\t\t\t\t\t\t\t\t<\/a>\n\t\t\t\t\t\t\t\t\t\t\t\t\t\t\t<\/div>\n\t\t\t\t<\/div>\n\t\t\t\t<\/div>\n\t\t\t\t<\/div>\n\t\t<a class=\"elementor-element elementor-element-60889d6 e-con-full e-flex e-con e-parent\" data-id=\"60889d6\" data-element_type=\"container\" href=\"mailto:gastonr@agrinar.com\">\n\t\t<div class=\"elementor-element elementor-element-d572702 e-con-full e-flex e-con e-child\" data-id=\"d572702\" data-element_type=\"container\">\n\t\t\t\t<div class=\"elementor-element elementor-element-79166bc elementor-widget elementor-widget-menu-anchor\" data-id=\"79166bc\" data-element_type=\"widget\" data-widget_type=\"menu-anchor.default\">\n\t\t\t\t<div class=\"elementor-widget-container\">\n\t\t\t\t\t\t\t<div class=\"elementor-menu-anchor\" id=\"contacto\"><\/div>\n\t\t\t\t\t\t<\/div>\n\t\t\t\t<\/div>\n\t\t\t\t<div class=\"elementor-element elementor-element-2f701b2 elementor-widget elementor-widget-image\" data-id=\"2f701b2\" data-element_type=\"widget\" data-widget_type=\"image.default\">\n\t\t\t\t<div class=\"elementor-widget-container\">\n\t\t\t\t\t\t\t\t\t\t\t\t\t\t\t\t<a href=\"https:\/\/wa.link\/mpuihk\">\n\t\t\t\t\t\t\t<img loading=\"lazy\" decoding=\"async\" width=\"1925\" height=\"1080\" src=\"https:\/\/agrinar.com.ar\/wp-content\/uploads\/2025\/05\/6.jpg\" class=\"attachment-full size-full wp-image-2025\" alt=\"\" srcset=\"https:\/\/agrinar.com.ar\/wp-content\/uploads\/2025\/05\/6.jpg 1925w, https:\/\/agrinar.com.ar\/wp-content\/uploads\/2025\/05\/6-300x168.jpg 300w, https:\/\/agrinar.com.ar\/wp-content\/uploads\/2025\/05\/6-1024x575.jpg 1024w, https:\/\/agrinar.com.ar\/wp-content\/uploads\/2025\/05\/6-768x431.jpg 768w, https:\/\/agrinar.com.ar\/wp-content\/uploads\/2025\/05\/6-1536x862.jpg 1536w\" sizes=\"(max-width: 1925px) 100vw, 1925px\" \/>\t\t\t\t\t\t\t\t<\/a>\n\t\t\t\t\t\t\t\t\t\t\t\t\t\t\t<\/div>\n\t\t\t\t<\/div>\n\t\t\t\t<\/div>\n\t\t\t\t<\/a>\n\t\t<div class=\"elementor-element elementor-element-8f13676 e-con-full e-flex e-con e-parent\" data-id=\"8f13676\" data-element_type=\"container\">\n\t\t<div class=\"elementor-element elementor-element-bccdadd e-con-full e-flex e-con e-child\" data-id=\"bccdadd\" data-element_type=\"container\">\n\t\t\t\t<div class=\"elementor-element elementor-element-ee0e23f elementor-widget elementor-widget-image\" data-id=\"ee0e23f\" data-element_type=\"widget\" data-widget_type=\"image.default\">\n\t\t\t\t<div class=\"elementor-widget-container\">\n\t\t\t\t\t\t\t\t\t\t\t\t\t\t\t<img loading=\"lazy\" decoding=\"async\" width=\"1925\" height=\"1080\" src=\"https:\/\/agrinar.com.ar\/wp-content\/uploads\/2025\/02\/2.jpg\" class=\"attachment-full size-full wp-image-1913\" alt=\"\" srcset=\"https:\/\/agrinar.com.ar\/wp-content\/uploads\/2025\/02\/2.jpg 1925w, https:\/\/agrinar.com.ar\/wp-content\/uploads\/2025\/02\/2-300x168.jpg 300w, https:\/\/agrinar.com.ar\/wp-content\/uploads\/2025\/02\/2-1024x575.jpg 1024w, https:\/\/agrinar.com.ar\/wp-content\/uploads\/2025\/02\/2-768x431.jpg 768w, https:\/\/agrinar.com.ar\/wp-content\/uploads\/2025\/02\/2-1536x862.jpg 1536w\" sizes=\"(max-width: 1925px) 100vw, 1925px\" \/>\t\t\t\t\t\t\t\t\t\t\t\t\t\t\t<\/div>\n\t\t\t\t<\/div>\n\t\t\t\t<\/div>\n\t\t\t\t<\/div>\n\t\t<div class=\"elementor-element elementor-element-706936e e-flex e-con-boxed e-con e-parent\" data-id=\"706936e\" data-element_type=\"container\" id=\"dental_contact_us\" data-settings=\"{&quot;background_background&quot;:&quot;classic&quot;,&quot;shape_divider_top&quot;:&quot;curve&quot;}\">\n\t\t\t\t\t<div class=\"e-con-inner\">\n\t\t\t\t<div class=\"elementor-shape elementor-shape-top\" aria-hidden=\"true\" data-negative=\"false\">\n\t\t\t<svg xmlns=\"http:\/\/www.w3.org\/2000\/svg\" viewBox=\"0 0 1000 100\" preserveAspectRatio=\"none\">\n    <path class=\"elementor-shape-fill\" d=\"M1000,4.3V0H0v4.3C0.9,23.1,126.7,99.2,500,100S1000,22.7,1000,4.3z\"\/>\n<\/svg>\t\t<\/div>\n\t\t<div class=\"elementor-element elementor-element-12ad5db e-con-full e-flex e-con e-child\" data-id=\"12ad5db\" data-element_type=\"container\" data-settings=\"{&quot;background_background&quot;:&quot;classic&quot;}\">\n\t\t<div class=\"elementor-element elementor-element-5e8960a e-flex e-con-boxed e-con e-child\" data-id=\"5e8960a\" data-element_type=\"container\" data-settings=\"{&quot;background_background&quot;:&quot;classic&quot;}\">\n\t\t\t\t\t<div class=\"e-con-inner\">\n\t\t<div class=\"elementor-element elementor-element-f182be8 e-con-full e-flex e-con e-child\" data-id=\"f182be8\" data-element_type=\"container\">\n\t\t\t\t<div class=\"elementor-element elementor-element-843b5dd elementor-widget elementor-widget-heading\" data-id=\"843b5dd\" data-element_type=\"widget\" data-widget_type=\"heading.default\">\n\t\t\t\t<div class=\"elementor-widget-container\">\n\t\t\t\t\t<h3 class=\"elementor-heading-title elementor-size-default\">\u00bfTen\u00e9s alguna consulta? \u00a1Escribinos!<\/h3>\t\t\t\t<\/div>\n\t\t\t\t<\/div>\n\t\t\t\t<div class=\"elementor-element elementor-element-1536d37 elementor-widget elementor-widget-wpforms\" data-id=\"1536d37\" data-element_type=\"widget\" data-widget_type=\"wpforms.default\">\n\t\t\t\t<div class=\"elementor-widget-container\">\n\t\t\t\t\t<div class=\"wpforms-container \" id=\"wpforms-1971\"><form id=\"wpforms-form-1971\" class=\"wpforms-validate wpforms-form wpforms-ajax-form\" data-formid=\"1971\" method=\"post\" enctype=\"multipart\/form-data\" action=\"\/index.php?rest_route=%2Fwp%2Fv2%2Fpages%2F1081\" data-token=\"d8f58ae7ba94b4b9f11959c7a8d25f08\" data-token-time=\"1776395670\"><noscript class=\"wpforms-error-noscript\">Please enable JavaScript in your browser to complete this form.<\/noscript><div class=\"wpforms-field-container\"><div id=\"wpforms-1971-field_1-container\" class=\"wpforms-field wpforms-field-name\" data-field-id=\"1\"><label class=\"wpforms-field-label\" for=\"wpforms-1971-field_1\">Nombre y apellido: <span class=\"wpforms-required-label\">*<\/span><\/label><input type=\"text\" id=\"wpforms-1971-field_1\" class=\"wpforms-field-medium wpforms-field-required\" name=\"wpforms[fields][1]\" required><div class=\"wpforms-field-description\">Dej\u00e1 ac\u00e1 tu nombre completo<\/div><\/div><div id=\"wpforms-1971-field_2-container\" class=\"wpforms-field wpforms-field-email\" data-field-id=\"2\"><label class=\"wpforms-field-label\" for=\"wpforms-1971-field_2\">Email: <span class=\"wpforms-required-label\">*<\/span><\/label><input type=\"email\" id=\"wpforms-1971-field_2\" class=\"wpforms-field-medium wpforms-field-required\" name=\"wpforms[fields][2]\" spellcheck=\"false\" required><div class=\"wpforms-field-description\">Dej\u00e1 ac\u00e1 tu email<\/div><\/div><div id=\"wpforms-1971-field_3-container\" class=\"wpforms-field wpforms-field-textarea\" data-field-id=\"3\"><label class=\"wpforms-field-label\" for=\"wpforms-1971-field_3\">Consulta:<\/label><textarea id=\"wpforms-1971-field_3\" class=\"wpforms-field-medium\" name=\"wpforms[fields][3]\" ><\/textarea><\/div><\/div><!-- .wpforms-field-container --><div class=\"wpforms-submit-container\" ><input type=\"hidden\" name=\"wpforms[id]\" value=\"1971\"><input type=\"hidden\" name=\"page_title\" value=\"\"><input type=\"hidden\" name=\"page_url\" value=\"https:\/\/agrinar.com.ar\/index.php?rest_route=\/wp\/v2\/pages\/1081\"><input type=\"hidden\" name=\"url_referer\" value=\"\"><button type=\"submit\" name=\"wpforms[submit]\" id=\"wpforms-submit-1971\" class=\"wpforms-submit\" data-alt-text=\"Enviando...\" data-submit-text=\"Enviar ahora\" aria-live=\"assertive\" value=\"wpforms-submit\">Enviar ahora<\/button><img loading=\"lazy\" decoding=\"async\" src=\"https:\/\/agrinar.com.ar\/wp-content\/plugins\/wpforms-lite\/assets\/images\/submit-spin.svg\" class=\"wpforms-submit-spinner\" style=\"display: none;\" width=\"26\" height=\"26\" alt=\"Loading\"><\/div><\/form><\/div>  <!-- .wpforms-container -->\t\t\t\t<\/div>\n\t\t\t\t<\/div>\n\t\t\t\t<\/div>\n\t\t<div class=\"elementor-element elementor-element-e6b8739 e-con-full e-flex e-con e-child\" data-id=\"e6b8739\" data-element_type=\"container\">\n\t\t\t\t<div class=\"elementor-element elementor-element-3794220 elementor-widget elementor-widget-google_maps\" data-id=\"3794220\" data-element_type=\"widget\" data-widget_type=\"google_maps.default\">\n\t\t\t\t<div class=\"elementor-widget-container\">\n\t\t\t\t\t\t\t<div class=\"elementor-custom-embed\">\n\t\t\t<iframe loading=\"lazy\"\n\t\t\t\t\tsrc=\"https:\/\/maps.google.com\/maps?q=Av.%20San%20Mart%C3%ADn%201756%2C%20CP%202152%20Gdo.%20Baigorria%2C%20Santa%20Fe%2C%20Argentina.&#038;t=m&#038;z=16&#038;output=embed&#038;iwloc=near\"\n\t\t\t\t\ttitle=\"Av. San Mart\u00edn 1756, CP 2152 Gdo. Baigorria, Santa Fe, Argentina.\"\n\t\t\t\t\taria-label=\"Av. San Mart\u00edn 1756, CP 2152 Gdo. Baigorria, Santa Fe, Argentina.\"\n\t\t\t><\/iframe>\n\t\t<\/div>\n\t\t\t\t\t\t<\/div>\n\t\t\t\t<\/div>\n\t\t\t\t<\/div>\n\t\t\t\t\t<\/div>\n\t\t\t\t<\/div>\n\t\t\t\t<\/div>\n\t\t\t\t\t<\/div>\n\t\t\t\t<\/div>\n\t\t\t\t<\/div>\n\t\t","protected":false},"excerpt":{"rendered":"<p>https:\/\/agrinar.com.ar\/wp-content\/uploads\/2025\/05\/Agrinar-video-con-promo.mp4#t=1,31 \u00bfTen\u00e9s alguna consulta? \u00a1Escribinos! Please enable JavaScript in your browser to complete this form.Nombre y apellido: *Dej\u00e1 ac\u00e1 tu nombre completoEmail: *Dej\u00e1 ac\u00e1 tu emailConsulta: Enviar ahora<\/p>\n","protected":false},"author":2,"featured_media":0,"parent":0,"menu_order":0,"comment_status":"closed","ping_status":"closed","template":"","meta":{"site-sidebar-layout":"no-sidebar","site-content-layout":"page-builder","ast-site-content-layout":"","site-content-style":"default","site-sidebar-style":"default","ast-global-header-display":"","ast-banner-title-visibility":"","ast-main-header-display":"","ast-hfb-above-header-display":"","ast-hfb-below-header-display":"","ast-hfb-mobile-header-display":"","site-post-title":"disabled","ast-breadcrumbs-content":"","ast-featured-img":"disabled","footer-sml-layout":"","theme-transparent-header-meta":"enabled","adv-header-id-meta":"","stick-header-meta":"","header-above-stick-meta":"","header-main-stick-meta":"","header-below-stick-meta":"","astra-migrate-meta-layouts":"default","ast-page-background-enabled":"default","ast-page-background-meta":{"desktop":{"background-color":"","background-image":"","background-repeat":"repeat","background-position":"center center","background-size":"auto","background-attachment":"scroll","background-type":"","background-media":"","overlay-type":"","overlay-color":"","overlay-opacity":"","overlay-gradient":""},"tablet":{"background-color":"","background-image":"","background-repeat":"repeat","background-position":"center center","background-size":"auto","background-attachment":"scroll","background-type":"","background-media":"","overlay-type":"","overlay-color":"","overlay-opacity":"","overlay-gradient":""},"mobile":{"background-color":"","background-image":"","background-repeat":"repeat","background-position":"center center","background-size":"auto","background-attachment":"scroll","background-type":"","background-media":"","overlay-type":"","overlay-color":"","overlay-opacity":"","overlay-gradient":""}},"ast-content-background-meta":{"desktop":{"background-color":"var(--ast-global-color-5)","background-image":"","background-repeat":"repeat","background-position":"center center","background-size":"auto","background-attachment":"scroll","background-type":"","background-media":"","overlay-type":"","overlay-color":"","overlay-opacity":"","overlay-gradient":""},"tablet":{"background-color":"var(--ast-global-color-5)","background-image":"","background-repeat":"repeat","background-position":"center center","background-size":"auto","background-attachment":"scroll","background-type":"","background-media":"","overlay-type":"","overlay-color":"","overlay-opacity":"","overlay-gradient":""},"mobile":{"background-color":"var(--ast-global-color-5)","background-image":"","background-repeat":"repeat","background-position":"center center","background-size":"auto","background-attachment":"scroll","background-type":"","background-media":"","overlay-type":"","overlay-color":"","overlay-opacity":"","overlay-gradient":""}},"footnotes":""},"class_list":["post-1081","page","type-page","status-publish","hentry"],"_links":{"self":[{"href":"https:\/\/agrinar.com.ar\/index.php?rest_route=\/wp\/v2\/pages\/1081","targetHints":{"allow":["GET"]}}],"collection":[{"href":"https:\/\/agrinar.com.ar\/index.php?rest_route=\/wp\/v2\/pages"}],"about":[{"href":"https:\/\/agrinar.com.ar\/index.php?rest_route=\/wp\/v2\/types\/page"}],"author":[{"embeddable":true,"href":"https:\/\/agrinar.com.ar\/index.php?rest_route=\/wp\/v2\/users\/2"}],"replies":[{"embeddable":true,"href":"https:\/\/agrinar.com.ar\/index.php?rest_route=%2Fwp%2Fv2%2Fcomments&post=1081"}],"version-history":[{"count":321,"href":"https:\/\/agrinar.com.ar\/index.php?rest_route=\/wp\/v2\/pages\/1081\/revisions"}],"predecessor-version":[{"id":2090,"href":"https:\/\/agrinar.com.ar\/index.php?rest_route=\/wp\/v2\/pages\/1081\/revisions\/2090"}],"wp:attachment":[{"href":"https:\/\/agrinar.com.ar\/index.php?rest_route=%2Fwp%2Fv2%2Fmedia&parent=1081"}],"curies":[{"name":"wp","href":"https:\/\/api.w.org\/{rel}","templated":true}]}}